{"id":3671,"date":"2023-05-31T15:16:00","date_gmt":"2023-05-31T14:16:00","guid":{"rendered":"https:\/\/tecnimprensa.pt\/the-team\/"},"modified":"2025-08-03T09:58:23","modified_gmt":"2025-08-03T08:58:23","slug":"the-team","status":"publish","type":"page","link":"https:\/\/tecnimprensa.pt\/en\/the-team\/","title":{"rendered":"The Team"},"content":{"rendered":"\t\t<div data-elementor-type=\"wp-page\" data-elementor-id=\"3671\" class=\"elementor elementor-3671 elementor-2932\">\n\t\t\t\t\t\t<section class=\"elementor-section elementor-top-section elementor-element elementor-element-6190b48 elementor-section-boxed elementor-section-height-default elementor-section-height-default\" data-id=\"6190b48\" data-element_type=\"section\">\n\t\t\t\t\t\t<div class=\"elementor-container elementor-column-gap-default\">\n\t\t\t\t\t<div class=\"elementor-column elementor-col-100 elementor-top-column elementor-element elementor-element-9a2cff2\" data-id=\"9a2cff2\" data-element_type=\"column\">\n\t\t\t<div class=\"elementor-widget-wrap elementor-element-populated\">\n\t\t\t\t\t\t<section class=\"elementor-section elementor-inner-section elementor-element elementor-element-c34bb97 elementor-section-boxed elementor-section-height-default elementor-section-height-default\" data-id=\"c34bb97\" data-element_type=\"section\">\n\t\t\t\t\t\t<div class=\"elementor-container elementor-column-gap-default\">\n\t\t\t\t\t<div class=\"elementor-column elementor-col-100 elementor-inner-column elementor-element elementor-element-19d69e2\" data-id=\"19d69e2\" data-element_type=\"column\">\n\t\t\t<div class=\"elementor-widget-wrap elementor-element-populated\">\n\t\t\t\t\t\t<div class=\"elementor-element elementor-element-ce93dda elementor-align-center elementor-widget elementor-widget-button\" data-id=\"ce93dda\" data-element_type=\"widget\" data-widget_type=\"button.default\">\n\t\t\t\t<div class=\"elementor-widget-container\">\n\t\t\t\t\t\t\t\t\t<div class=\"elementor-button-wrapper\">\n\t\t\t\t\t<a class=\"elementor-button elementor-button-link elementor-size-sm\" href=\"#\">\n\t\t\t\t\t\t<span class=\"elementor-button-content-wrapper\">\n\t\t\t\t\t\t\t\t\t<span class=\"elementor-button-text\">The Team<\/span>\n\t\t\t\t\t<\/span>\n\t\t\t\t\t<\/a>\n\t\t\t\t<\/div>\n\t\t\t\t\t\t\t\t<\/div>\n\t\t\t\t<\/div>\n\t\t\t\t<div class=\"elementor-element elementor-element-0397c44 elementor-widget elementor-widget-heading\" data-id=\"0397c44\" data-element_type=\"widget\" data-widget_type=\"heading.default\">\n\t\t\t\t<div class=\"elementor-widget-container\">\n\t\t\t\t\t<h2 class=\"elementor-heading-title elementor-size-default\">Meet our Team<\/h2>\t\t\t\t<\/div>\n\t\t\t\t<\/div>\n\t\t\t\t\t<\/div>\n\t\t<\/div>\n\t\t\t\t\t<\/div>\n\t\t<\/section>\n\t\t\t\t\t<\/div>\n\t\t<\/div>\n\t\t\t\t\t<\/div>\n\t\t<\/section>\n\t\t\t\t<section class=\"elementor-section elementor-top-section elementor-element elementor-element-648fcc4 elementor-section-boxed elementor-section-height-default elementor-section-height-default\" data-id=\"648fcc4\" data-element_type=\"section\">\n\t\t\t\t\t\t<div class=\"elementor-container elementor-column-gap-default\">\n\t\t\t\t\t<div class=\"elementor-column elementor-col-33 elementor-top-column elementor-element elementor-element-40a1336\" data-id=\"40a1336\" data-element_type=\"column\">\n\t\t\t<div class=\"elementor-widget-wrap elementor-element-populated\">\n\t\t\t\t\t\t<div class=\"elementor-element elementor-element-28ded05 elementor-position-top elementor-widget elementor-widget-image-box\" data-id=\"28ded05\" data-element_type=\"widget\" data-widget_type=\"image-box.default\">\n\t\t\t\t<div class=\"elementor-widget-container\">\n\t\t\t\t\t<div class=\"elementor-image-box-wrapper\"><figure class=\"elementor-image-box-img\"><img loading=\"lazy\" loading=\"lazy\" decoding=\"async\" width=\"360\" height=\"400\" src=\"https:\/\/tecnimprensa.pt\/wp-content\/uploads\/2023\/05\/Fernando-Alves-de-Sousa-360x400px.jpg\" class=\"attachment-full size-full wp-image-2943\" alt=\"Fernando Alves de Sousa\" srcset=\"https:\/\/tecnimprensa.pt\/wp-content\/uploads\/2023\/05\/Fernando-Alves-de-Sousa-360x400px.jpg 360w, https:\/\/tecnimprensa.pt\/wp-content\/uploads\/2023\/05\/Fernando-Alves-de-Sousa-360x400px-270x300.jpg 270w\" sizes=\"auto, (max-width: 360px) 100vw, 360px\" \/><\/figure><div class=\"elementor-image-box-content\"><h3 class=\"elementor-image-box-title\">Fernando Alves de Sousa<\/h3><p class=\"elementor-image-box-description\">Chairman of the Board of Directors<\/p><\/div><\/div>\t\t\t\t<\/div>\n\t\t\t\t<\/div>\n\t\t\t\t\t<\/div>\n\t\t<\/div>\n\t\t\t\t<div class=\"elementor-column elementor-col-33 elementor-top-column elementor-element elementor-element-afed379\" data-id=\"afed379\" data-element_type=\"column\">\n\t\t\t<div class=\"elementor-widget-wrap\">\n\t\t\t\t\t\t\t<\/div>\n\t\t<\/div>\n\t\t\t\t<div class=\"elementor-column elementor-col-33 elementor-top-column elementor-element elementor-element-21a3d09\" data-id=\"21a3d09\" data-element_type=\"column\">\n\t\t\t<div class=\"elementor-widget-wrap elementor-element-populated\">\n\t\t\t\t\t\t<div class=\"elementor-element elementor-element-8c98976 elementor-position-top elementor-widget elementor-widget-image-box\" data-id=\"8c98976\" data-element_type=\"widget\" data-widget_type=\"image-box.default\">\n\t\t\t\t<div class=\"elementor-widget-container\">\n\t\t\t\t\t<div class=\"elementor-image-box-wrapper\"><figure class=\"elementor-image-box-img\"><img loading=\"lazy\" loading=\"lazy\" decoding=\"async\" width=\"360\" height=\"400\" src=\"https:\/\/tecnimprensa.pt\/wp-content\/uploads\/2023\/06\/duarte3.jpg\" class=\"attachment-full size-full wp-image-3399\" alt=\"Duarte Alves de Sousa\" srcset=\"https:\/\/tecnimprensa.pt\/wp-content\/uploads\/2023\/06\/duarte3.jpg 360w, https:\/\/tecnimprensa.pt\/wp-content\/uploads\/2023\/06\/duarte3-270x300.jpg 270w\" sizes=\"auto, (max-width: 360px) 100vw, 360px\" \/><\/figure><div class=\"elementor-image-box-content\"><h3 class=\"elementor-image-box-title\">Duarte Alves de Sousa<\/h3><p class=\"elementor-image-box-description\">CEO <\/p><\/div><\/div>\t\t\t\t<\/div>\n\t\t\t\t<\/div>\n\t\t\t\t\t<\/div>\n\t\t<\/div>\n\t\t\t\t\t<\/div>\n\t\t<\/section>\n\t\t\t\t<section class=\"elementor-section elementor-top-section elementor-element elementor-element-ffc31a8 elementor-section-boxed elementor-section-height-default elementor-section-height-default\" data-id=\"ffc31a8\" data-element_type=\"section\">\n\t\t\t\t\t\t<div class=\"elementor-container elementor-column-gap-default\">\n\t\t\t\t\t<div class=\"elementor-column elementor-col-33 elementor-top-column elementor-element elementor-element-b62d200\" data-id=\"b62d200\" data-element_type=\"column\">\n\t\t\t<div class=\"elementor-widget-wrap elementor-element-populated\">\n\t\t\t\t\t\t<div class=\"elementor-element elementor-element-9792b9b elementor-position-top elementor-widget elementor-widget-image-box\" data-id=\"9792b9b\" data-element_type=\"widget\" data-widget_type=\"image-box.default\">\n\t\t\t\t<div class=\"elementor-widget-container\">\n\t\t\t\t\t<div class=\"elementor-image-box-wrapper\"><figure class=\"elementor-image-box-img\"><img loading=\"lazy\" loading=\"lazy\" decoding=\"async\" width=\"360\" height=\"400\" src=\"https:\/\/tecnimprensa.pt\/wp-content\/uploads\/2023\/05\/Ermelinda-Mauricio-360x400px.jpg\" class=\"attachment-full size-full wp-image-2951\" alt=\"Ermelinda Maur\u00edcio\" srcset=\"https:\/\/tecnimprensa.pt\/wp-content\/uploads\/2023\/05\/Ermelinda-Mauricio-360x400px.jpg 360w, https:\/\/tecnimprensa.pt\/wp-content\/uploads\/2023\/05\/Ermelinda-Mauricio-360x400px-270x300.jpg 270w\" sizes=\"auto, (max-width: 360px) 100vw, 360px\" \/><\/figure><div class=\"elementor-image-box-content\"><h3 class=\"elementor-image-box-title\">Ermelinda Maur\u00edcio<\/h3><p class=\"elementor-image-box-description\">Financial Director<\/p><\/div><\/div>\t\t\t\t<\/div>\n\t\t\t\t<\/div>\n\t\t\t\t\t<\/div>\n\t\t<\/div>\n\t\t\t\t<div class=\"elementor-column elementor-col-33 elementor-top-column elementor-element elementor-element-b0862b2\" data-id=\"b0862b2\" data-element_type=\"column\">\n\t\t\t<div class=\"elementor-widget-wrap\">\n\t\t\t\t\t\t\t<\/div>\n\t\t<\/div>\n\t\t\t\t<div class=\"elementor-column elementor-col-33 elementor-top-column elementor-element elementor-element-d1c30fe\" data-id=\"d1c30fe\" data-element_type=\"column\">\n\t\t\t<div class=\"elementor-widget-wrap elementor-element-populated\">\n\t\t\t\t\t\t<div class=\"elementor-element elementor-element-cf20cf5 elementor-position-top elementor-widget elementor-widget-image-box\" data-id=\"cf20cf5\" data-element_type=\"widget\" data-widget_type=\"image-box.default\">\n\t\t\t\t<div class=\"elementor-widget-container\">\n\t\t\t\t\t<div class=\"elementor-image-box-wrapper\"><figure class=\"elementor-image-box-img\"><img loading=\"lazy\" loading=\"lazy\" decoding=\"async\" width=\"360\" height=\"400\" src=\"https:\/\/tecnimprensa.pt\/wp-content\/uploads\/2023\/05\/Teresa-Alves-de-Sousa-360x400px.jpg\" class=\"attachment-full size-full wp-image-2953\" alt=\"Teresa Alves de Sousa\" srcset=\"https:\/\/tecnimprensa.pt\/wp-content\/uploads\/2023\/05\/Teresa-Alves-de-Sousa-360x400px.jpg 360w, https:\/\/tecnimprensa.pt\/wp-content\/uploads\/2023\/05\/Teresa-Alves-de-Sousa-360x400px-270x300.jpg 270w\" sizes=\"auto, (max-width: 360px) 100vw, 360px\" \/><\/figure><div class=\"elementor-image-box-content\"><h3 class=\"elementor-image-box-title\">Teresa Alves de Sousa<\/h3><p class=\"elementor-image-box-description\">Deputy Financial Director<\/p><\/div><\/div>\t\t\t\t<\/div>\n\t\t\t\t<\/div>\n\t\t\t\t\t<\/div>\n\t\t<\/div>\n\t\t\t\t\t<\/div>\n\t\t<\/section>\n\t\t\t\t<section class=\"elementor-section elementor-top-section elementor-element elementor-element-d20f5fb elementor-section-boxed elementor-section-height-default elementor-section-height-default\" data-id=\"d20f5fb\" data-element_type=\"section\">\n\t\t\t\t\t\t<div class=\"elementor-container elementor-column-gap-default\">\n\t\t\t\t\t<div class=\"elementor-column elementor-col-33 elementor-top-column elementor-element elementor-element-0e3b784\" data-id=\"0e3b784\" data-element_type=\"column\">\n\t\t\t<div class=\"elementor-widget-wrap elementor-element-populated\">\n\t\t\t\t\t\t<div class=\"elementor-element elementor-element-83b8feb elementor-position-top elementor-widget elementor-widget-image-box\" data-id=\"83b8feb\" data-element_type=\"widget\" data-widget_type=\"image-box.default\">\n\t\t\t\t<div class=\"elementor-widget-container\">\n\t\t\t\t\t<div class=\"elementor-image-box-wrapper\"><figure class=\"elementor-image-box-img\"><img loading=\"lazy\" loading=\"lazy\" decoding=\"async\" width=\"360\" height=\"400\" src=\"https:\/\/tecnimprensa.pt\/wp-content\/uploads\/2023\/05\/Vitor-Pedro-2-360x400px.jpg\" class=\"attachment-full size-full wp-image-3039\" alt=\"V\u00edtor Pedro\" srcset=\"https:\/\/tecnimprensa.pt\/wp-content\/uploads\/2023\/05\/Vitor-Pedro-2-360x400px.jpg 360w, https:\/\/tecnimprensa.pt\/wp-content\/uploads\/2023\/05\/Vitor-Pedro-2-360x400px-270x300.jpg 270w\" sizes=\"auto, (max-width: 360px) 100vw, 360px\" \/><\/figure><div class=\"elementor-image-box-content\"><h3 class=\"elementor-image-box-title\">V\u00edtor Pedro<\/h3><p class=\"elementor-image-box-description\">Technical Manager for Color Management Solutions<\/p><\/div><\/div>\t\t\t\t<\/div>\n\t\t\t\t<\/div>\n\t\t\t\t\t<\/div>\n\t\t<\/div>\n\t\t\t\t<div class=\"elementor-column elementor-col-33 elementor-top-column elementor-element elementor-element-6bde1fc\" data-id=\"6bde1fc\" data-element_type=\"column\">\n\t\t\t<div class=\"elementor-widget-wrap\">\n\t\t\t\t\t\t\t<\/div>\n\t\t<\/div>\n\t\t\t\t<div class=\"elementor-column elementor-col-33 elementor-top-column elementor-element elementor-element-b9faa8a\" data-id=\"b9faa8a\" data-element_type=\"column\">\n\t\t\t<div class=\"elementor-widget-wrap elementor-element-populated\">\n\t\t\t\t\t\t<div class=\"elementor-element elementor-element-10cebd8 elementor-position-top elementor-widget elementor-widget-image-box\" data-id=\"10cebd8\" data-element_type=\"widget\" data-widget_type=\"image-box.default\">\n\t\t\t\t<div class=\"elementor-widget-container\">\n\t\t\t\t\t<div class=\"elementor-image-box-wrapper\"><figure class=\"elementor-image-box-img\"><img loading=\"lazy\" loading=\"lazy\" decoding=\"async\" width=\"360\" height=\"400\" src=\"https:\/\/tecnimprensa.pt\/wp-content\/uploads\/2023\/05\/Joao-Vieira-Coelho-360x400px.jpg\" class=\"attachment-full size-full wp-image-2974\" alt=\"\" srcset=\"https:\/\/tecnimprensa.pt\/wp-content\/uploads\/2023\/05\/Joao-Vieira-Coelho-360x400px.jpg 360w, https:\/\/tecnimprensa.pt\/wp-content\/uploads\/2023\/05\/Joao-Vieira-Coelho-360x400px-270x300.jpg 270w\" sizes=\"auto, (max-width: 360px) 100vw, 360px\" \/><\/figure><div class=\"elementor-image-box-content\"><h3 class=\"elementor-image-box-title\">Jo\u00e3o Coelho<\/h3><p class=\"elementor-image-box-description\">Responsible for After-Sales Service<\/p><\/div><\/div>\t\t\t\t<\/div>\n\t\t\t\t<\/div>\n\t\t\t\t\t<\/div>\n\t\t<\/div>\n\t\t\t\t\t<\/div>\n\t\t<\/section>\n\t\t\t\t<section class=\"elementor-section elementor-top-section elementor-element elementor-element-bdf6cbc elementor-section-boxed elementor-section-height-default elementor-section-height-default\" data-id=\"bdf6cbc\" data-element_type=\"section\">\n\t\t\t\t\t\t<div class=\"elementor-container elementor-column-gap-default\">\n\t\t\t\t\t<div class=\"elementor-column elementor-col-33 elementor-top-column elementor-element elementor-element-176d173\" data-id=\"176d173\" data-element_type=\"column\">\n\t\t\t<div class=\"elementor-widget-wrap elementor-element-populated\">\n\t\t\t\t\t\t<div class=\"elementor-element elementor-element-2bb9450 elementor-position-top elementor-widget elementor-widget-image-box\" data-id=\"2bb9450\" data-element_type=\"widget\" data-widget_type=\"image-box.default\">\n\t\t\t\t<div class=\"elementor-widget-container\">\n\t\t\t\t\t<div class=\"elementor-image-box-wrapper\"><figure class=\"elementor-image-box-img\"><img loading=\"lazy\" loading=\"lazy\" decoding=\"async\" width=\"360\" height=\"400\" src=\"https:\/\/tecnimprensa.pt\/wp-content\/uploads\/2023\/05\/Laercio-Oliveira-360x400px.jpg\" class=\"attachment-full size-full wp-image-2991\" alt=\"\" srcset=\"https:\/\/tecnimprensa.pt\/wp-content\/uploads\/2023\/05\/Laercio-Oliveira-360x400px.jpg 360w, https:\/\/tecnimprensa.pt\/wp-content\/uploads\/2023\/05\/Laercio-Oliveira-360x400px-270x300.jpg 270w\" sizes=\"auto, (max-width: 360px) 100vw, 360px\" \/><\/figure><div class=\"elementor-image-box-content\"><h3 class=\"elementor-image-box-title\">La\u00e9rcio Oliveira<\/h3><p class=\"elementor-image-box-description\">Deputy Director of Packaging and Label Solutions and Marketing Manager\n<\/p><\/div><\/div>\t\t\t\t<\/div>\n\t\t\t\t<\/div>\n\t\t\t\t\t<\/div>\n\t\t<\/div>\n\t\t\t\t<div class=\"elementor-column elementor-col-33 elementor-top-column elementor-element elementor-element-57eccad\" data-id=\"57eccad\" data-element_type=\"column\">\n\t\t\t<div class=\"elementor-widget-wrap\">\n\t\t\t\t\t\t\t<\/div>\n\t\t<\/div>\n\t\t\t\t<div class=\"elementor-column elementor-col-33 elementor-top-column elementor-element elementor-element-5b0cd84\" data-id=\"5b0cd84\" data-element_type=\"column\">\n\t\t\t<div class=\"elementor-widget-wrap elementor-element-populated\">\n\t\t\t\t\t\t<div class=\"elementor-element elementor-element-a7af5f5 elementor-position-top elementor-widget elementor-widget-image-box\" data-id=\"a7af5f5\" data-element_type=\"widget\" data-widget_type=\"image-box.default\">\n\t\t\t\t<div class=\"elementor-widget-container\">\n\t\t\t\t\t<div class=\"elementor-image-box-wrapper\"><figure class=\"elementor-image-box-img\"><img loading=\"lazy\" loading=\"lazy\" decoding=\"async\" width=\"360\" height=\"400\" src=\"https:\/\/tecnimprensa.pt\/wp-content\/uploads\/2023\/05\/Hugo-Miranda-360x400px.jpg\" class=\"attachment-full size-full wp-image-2995\" alt=\"Hugo Miranda\" srcset=\"https:\/\/tecnimprensa.pt\/wp-content\/uploads\/2023\/05\/Hugo-Miranda-360x400px.jpg 360w, https:\/\/tecnimprensa.pt\/wp-content\/uploads\/2023\/05\/Hugo-Miranda-360x400px-270x300.jpg 270w\" sizes=\"auto, (max-width: 360px) 100vw, 360px\" \/><\/figure><div class=\"elementor-image-box-content\"><h3 class=\"elementor-image-box-title\">Hugo Miranda<\/h3><p class=\"elementor-image-box-description\">Customer Support Technician<\/p><\/div><\/div>\t\t\t\t<\/div>\n\t\t\t\t<\/div>\n\t\t\t\t\t<\/div>\n\t\t<\/div>\n\t\t\t\t\t<\/div>\n\t\t<\/section>\n\t\t\t\t<section class=\"elementor-section elementor-top-section elementor-element elementor-element-dcffa0b elementor-section-boxed elementor-section-height-default elementor-section-height-default\" data-id=\"dcffa0b\" data-element_type=\"section\">\n\t\t\t\t\t\t<div class=\"elementor-container elementor-column-gap-default\">\n\t\t\t\t\t<div class=\"elementor-column elementor-col-33 elementor-top-column elementor-element elementor-element-62d27b6\" data-id=\"62d27b6\" data-element_type=\"column\">\n\t\t\t<div class=\"elementor-widget-wrap elementor-element-populated\">\n\t\t\t\t\t\t<div class=\"elementor-element elementor-element-95d39ec elementor-position-top elementor-widget elementor-widget-image-box\" data-id=\"95d39ec\" data-element_type=\"widget\" data-widget_type=\"image-box.default\">\n\t\t\t\t<div class=\"elementor-widget-container\">\n\t\t\t\t\t<div class=\"elementor-image-box-wrapper\"><figure class=\"elementor-image-box-img\"><img loading=\"lazy\" loading=\"lazy\" decoding=\"async\" width=\"360\" height=\"400\" src=\"https:\/\/tecnimprensa.pt\/wp-content\/uploads\/2023\/05\/Elisabete-Meireles-360x400px.jpg\" class=\"attachment-full size-full wp-image-3003\" alt=\"Elisabete Meireles\" srcset=\"https:\/\/tecnimprensa.pt\/wp-content\/uploads\/2023\/05\/Elisabete-Meireles-360x400px.jpg 360w, https:\/\/tecnimprensa.pt\/wp-content\/uploads\/2023\/05\/Elisabete-Meireles-360x400px-270x300.jpg 270w\" sizes=\"auto, (max-width: 360px) 100vw, 360px\" \/><\/figure><div class=\"elementor-image-box-content\"><h3 class=\"elementor-image-box-title\">Elisabete Meireles<\/h3><p class=\"elementor-image-box-description\">Sales Assistant - Color Management Solutions\n<\/p><\/div><\/div>\t\t\t\t<\/div>\n\t\t\t\t<\/div>\n\t\t\t\t\t<\/div>\n\t\t<\/div>\n\t\t\t\t<div class=\"elementor-column elementor-col-33 elementor-top-column elementor-element elementor-element-90b3fad\" data-id=\"90b3fad\" data-element_type=\"column\">\n\t\t\t<div class=\"elementor-widget-wrap\">\n\t\t\t\t\t\t\t<\/div>\n\t\t<\/div>\n\t\t\t\t<div class=\"elementor-column elementor-col-33 elementor-top-column elementor-element elementor-element-1980d4d\" data-id=\"1980d4d\" data-element_type=\"column\">\n\t\t\t<div class=\"elementor-widget-wrap elementor-element-populated\">\n\t\t\t\t\t\t<div class=\"elementor-element elementor-element-028c615 elementor-position-top elementor-widget elementor-widget-image-box\" data-id=\"028c615\" data-element_type=\"widget\" data-widget_type=\"image-box.default\">\n\t\t\t\t<div class=\"elementor-widget-container\">\n\t\t\t\t\t<div class=\"elementor-image-box-wrapper\"><figure class=\"elementor-image-box-img\"><img loading=\"lazy\" loading=\"lazy\" decoding=\"async\" width=\"360\" height=\"400\" src=\"https:\/\/tecnimprensa.pt\/wp-content\/uploads\/2023\/06\/osvaldo2.jpg\" class=\"attachment-full size-full wp-image-3408\" alt=\"\" srcset=\"https:\/\/tecnimprensa.pt\/wp-content\/uploads\/2023\/06\/osvaldo2.jpg 360w, https:\/\/tecnimprensa.pt\/wp-content\/uploads\/2023\/06\/osvaldo2-270x300.jpg 270w\" sizes=\"auto, (max-width: 360px) 100vw, 360px\" \/><\/figure><div class=\"elementor-image-box-content\"><h3 class=\"elementor-image-box-title\">Osvaldo Ferreira<\/h3><p class=\"elementor-image-box-description\">Warehouse, Preparation and Rubber Cutting Manager<\/p><\/div><\/div>\t\t\t\t<\/div>\n\t\t\t\t<\/div>\n\t\t\t\t\t<\/div>\n\t\t<\/div>\n\t\t\t\t\t<\/div>\n\t\t<\/section>\n\t\t\t\t<section class=\"elementor-section elementor-top-section elementor-element elementor-element-b5d0afa elementor-section-boxed elementor-section-height-default elementor-section-height-default\" data-id=\"b5d0afa\" data-element_type=\"section\">\n\t\t\t\t\t\t<div class=\"elementor-container elementor-column-gap-default\">\n\t\t\t\t\t<div class=\"elementor-column elementor-col-33 elementor-top-column elementor-element elementor-element-976f3b5\" data-id=\"976f3b5\" data-element_type=\"column\">\n\t\t\t<div class=\"elementor-widget-wrap elementor-element-populated\">\n\t\t\t\t\t\t<div class=\"elementor-element elementor-element-bc5fdc2 elementor-position-top elementor-widget elementor-widget-image-box\" data-id=\"bc5fdc2\" data-element_type=\"widget\" data-widget_type=\"image-box.default\">\n\t\t\t\t<div class=\"elementor-widget-container\">\n\t\t\t\t\t<div class=\"elementor-image-box-wrapper\"><figure class=\"elementor-image-box-img\"><img loading=\"lazy\" loading=\"lazy\" decoding=\"async\" width=\"360\" height=\"400\" src=\"https:\/\/tecnimprensa.pt\/wp-content\/uploads\/2023\/05\/Pedro-Ferreira-360x400px.jpg\" class=\"attachment-full size-full wp-image-3014\" alt=\"Pedro Ferreira\" srcset=\"https:\/\/tecnimprensa.pt\/wp-content\/uploads\/2023\/05\/Pedro-Ferreira-360x400px.jpg 360w, https:\/\/tecnimprensa.pt\/wp-content\/uploads\/2023\/05\/Pedro-Ferreira-360x400px-270x300.jpg 270w\" sizes=\"auto, (max-width: 360px) 100vw, 360px\" \/><\/figure><div class=\"elementor-image-box-content\"><h3 class=\"elementor-image-box-title\">Pedro Ferreira<\/h3><p class=\"elementor-image-box-description\">Deputy Warehouse Manager, Preparation and Rubber Cutting\n<\/p><\/div><\/div>\t\t\t\t<\/div>\n\t\t\t\t<\/div>\n\t\t\t\t\t<\/div>\n\t\t<\/div>\n\t\t\t\t<div class=\"elementor-column elementor-col-33 elementor-top-column elementor-element elementor-element-3c7b444\" data-id=\"3c7b444\" data-element_type=\"column\">\n\t\t\t<div class=\"elementor-widget-wrap\">\n\t\t\t\t\t\t\t<\/div>\n\t\t<\/div>\n\t\t\t\t<div class=\"elementor-column elementor-col-33 elementor-top-column elementor-element elementor-element-89905ab\" data-id=\"89905ab\" data-element_type=\"column\">\n\t\t\t<div class=\"elementor-widget-wrap elementor-element-populated\">\n\t\t\t\t\t\t<div class=\"elementor-element elementor-element-b916144 elementor-position-top elementor-widget elementor-widget-image-box\" data-id=\"b916144\" data-element_type=\"widget\" data-widget_type=\"image-box.default\">\n\t\t\t\t<div class=\"elementor-widget-container\">\n\t\t\t\t\t<div class=\"elementor-image-box-wrapper\"><figure class=\"elementor-image-box-img\"><img loading=\"lazy\" loading=\"lazy\" decoding=\"async\" width=\"360\" height=\"400\" src=\"https:\/\/tecnimprensa.pt\/wp-content\/uploads\/2023\/05\/rui-machado-360x400px.jpg\" class=\"attachment-full size-full wp-image-3022\" alt=\"\" srcset=\"https:\/\/tecnimprensa.pt\/wp-content\/uploads\/2023\/05\/rui-machado-360x400px.jpg 360w, https:\/\/tecnimprensa.pt\/wp-content\/uploads\/2023\/05\/rui-machado-360x400px-270x300.jpg 270w\" sizes=\"auto, (max-width: 360px) 100vw, 360px\" \/><\/figure><div class=\"elementor-image-box-content\"><h3 class=\"elementor-image-box-title\">Rui Machado<\/h3><p class=\"elementor-image-box-description\">Network and IT Manager\n<\/p><\/div><\/div>\t\t\t\t<\/div>\n\t\t\t\t<\/div>\n\t\t\t\t\t<\/div>\n\t\t<\/div>\n\t\t\t\t\t<\/div>\n\t\t<\/section>\n\t\t\t\t<section class=\"elementor-section elementor-top-section elementor-element elementor-element-1bfe3fa elementor-section-boxed elementor-section-height-default elementor-section-height-default\" data-id=\"1bfe3fa\" data-element_type=\"section\">\n\t\t\t\t\t\t<div class=\"elementor-container elementor-column-gap-default\">\n\t\t\t\t\t<div class=\"elementor-column elementor-col-50 elementor-top-column elementor-element elementor-element-11c507f\" data-id=\"11c507f\" data-element_type=\"column\">\n\t\t\t<div class=\"elementor-widget-wrap\">\n\t\t\t\t\t\t\t<\/div>\n\t\t<\/div>\n\t\t\t\t<div class=\"elementor-column elementor-col-50 elementor-top-column elementor-element elementor-element-2c26dac\" data-id=\"2c26dac\" data-element_type=\"column\">\n\t\t\t<div class=\"elementor-widget-wrap\">\n\t\t\t\t\t\t\t<\/div>\n\t\t<\/div>\n\t\t\t\t\t<\/div>\n\t\t<\/section>\n\t\t\t\t<section class=\"elementor-section elementor-top-section elementor-element elementor-element-b9093ac elementor-section-boxed elementor-section-height-default elementor-section-height-default\" data-id=\"b9093ac\" data-element_type=\"section\">\n\t\t\t\t\t\t<div class=\"elementor-container elementor-column-gap-default\">\n\t\t\t\t\t<div class=\"elementor-column elementor-col-100 elementor-top-column elementor-element elementor-element-1d73056\" data-id=\"1d73056\" data-element_type=\"column\">\n\t\t\t<div class=\"elementor-widget-wrap elementor-element-populated\">\n\t\t\t\t\t\t<div class=\"elementor-element elementor-element-f307b3f elementor-widget elementor-widget-spacer\" data-id=\"f307b3f\" data-element_type=\"widget\" data-widget_type=\"spacer.default\">\n\t\t\t\t<div class=\"elementor-widget-container\">\n\t\t\t\t\t\t\t<div class=\"elementor-spacer\">\n\t\t\t<div class=\"elementor-spacer-inner\"><\/div>\n\t\t<\/div>\n\t\t\t\t\t\t<\/div>\n\t\t\t\t<\/div>\n\t\t\t\t\t<\/div>\n\t\t<\/div>\n\t\t\t\t\t<\/div>\n\t\t<\/section>\n\t\t\t\t<\/div>\n\t\t","protected":false},"excerpt":{"rendered":"<p>The Team Meet our Team Fernando Alves de Sousa Chairman of the Board of Directors Duarte Alves de Sousa CEO Ermelinda Maur\u00edcio Financial Director Teresa Alves de Sousa Deputy Financial Director V\u00edtor Pedro Technical Manager for Color Management Solutions Jo\u00e3o Coelho Responsible for After-Sales Service La\u00e9rcio Oliveira Deputy Director of Packaging and Label Solutions and [&hellip;]<\/p>\n","protected":false},"author":1,"featured_media":0,"parent":0,"menu_order":0,"comment_status":"closed","ping_status":"closed","template":"","meta":{"content-type":"","footnotes":""},"class_list":["post-3671","page","type-page","status-publish"],"_links":{"self":[{"href":"https:\/\/tecnimprensa.pt\/en\/wp-json\/wp\/v2\/pages\/3671","targetHints":{"allow":["GET"]}}],"collection":[{"href":"https:\/\/tecnimprensa.pt\/en\/wp-json\/wp\/v2\/pages"}],"about":[{"href":"https:\/\/tecnimprensa.pt\/en\/wp-json\/wp\/v2\/types\/page"}],"author":[{"embeddable":true,"href":"https:\/\/tecnimprensa.pt\/en\/wp-json\/wp\/v2\/users\/1"}],"replies":[{"embeddable":true,"href":"https:\/\/tecnimprensa.pt\/en\/wp-json\/wp\/v2\/comments?post=3671"}],"version-history":[{"count":5,"href":"https:\/\/tecnimprensa.pt\/en\/wp-json\/wp\/v2\/pages\/3671\/revisions"}],"predecessor-version":[{"id":3729,"href":"https:\/\/tecnimprensa.pt\/en\/wp-json\/wp\/v2\/pages\/3671\/revisions\/3729"}],"wp:attachment":[{"href":"https:\/\/tecnimprensa.pt\/en\/wp-json\/wp\/v2\/media?parent=3671"}],"curies":[{"name":"wp","href":"https:\/\/api.w.org\/{rel}","templated":true}]}}